{"id":896,"date":"2022-08-08T07:01:23","date_gmt":"2022-08-08T07:01:23","guid":{"rendered":"https:\/\/prisma-pvt.com\/impressum"},"modified":"2025-07-18T09:44:27","modified_gmt":"2025-07-18T09:44:27","slug":"impressum-2","status":"publish","type":"page","link":"https:\/\/prisma-pvt.com\/en\/impressum-2","title":{"rendered":"Imprint"},"content":{"rendered":"<figure class=\"wp-block-table is-style-regular\"><table><tbody><tr><td>address<\/td><td>TWL Technologie GmbH<br>Bahnhofstrasse 3<br>D-24340 Eckernf\u00f6rde<\/td><\/tr><tr><td>\u2063\u2063<\/td><td>\u2063  <\/td><\/tr><tr><td>Managing Director<br>Procuration<\/td><td>Thomas Gr\u00e4f, Lorenz Dobrot<br>Christine Meier (authorised sole representative)<\/td><\/tr><tr><td>\u2063<\/td><td>\u2063  <\/td><\/tr><tr><td>Telephone<br>fax<\/td><td>+49 4351 \/ 7517 - 00<br>+49 4351 \/ 7517 - 01<\/td><\/tr><tr><td>\u2063  <\/td><td>\u2063  <\/td><\/tr><tr><td>e-mail<\/td><td>christian.holst(at)twl-technologie.de<\/td><\/tr><tr><td>\u2063  <\/td><td>\u2063  <\/td><\/tr><tr><td>VAT ID<\/td><td>EN 814189150<\/td><\/tr><tr><td>\u2063  <\/td><td>\u2063  <\/td><\/tr><tr><td>Register court<br>Register number<\/td><td>Local court<br>HRB 4142<\/td><\/tr><tr><td>WEEE reg. no.<\/td><td>EN 62971556<\/td><\/tr><tr><td><\/td><td>Information obligations according to \u00a718 para. 4 sentence 3 ElektroG:<br><a href=\"https:\/\/www.bmuv.de\/themen\/wasser-ressourcen-abfall\/kreislaufwirtschaft\/statistiken\/elektro-und-elektronikaltgeraete\" target=\"_blank\" rel=\"noreferrer noopener\">https:\/\/www.bmuv.de\/themen\/wasser-ressourcen-abfall\/kreislaufwirtschaft\/statistiken\/elektro-und-elektronikaltgeraete<\/a><br><\/td><\/tr><\/tbody><\/table><\/figure>\n\n\n\n<p><br>Responsible for content according to \u00a7 55 Abs. 2 RStV: Lorenz Dobrot<br>Our General Terms and Conditions apply.<\/p>","protected":false},"excerpt":{"rendered":"<p>Anschrift TWL Technologie GmbHBahnhofstrasse 3D-24340 Eckernf\u00f6rde \u2063\u2063 \u2063 Gesch\u00e4ftsf\u00fchrerProkura Thomas Gr\u00e4f, Lorenz DobrotChristine Meier (einzelvertretungsberechtigt) \u2063 \u2063 TelefonFax +49 4351 \/ 7517 &#8211; 00+49 4351 \/ 7517 &#8211; 01 \u2063 \u2063 E-Mail christian.holst(at)twl-technologie.de \u2063 \u2063 USt-ID DE 814189150 \u2063 \u2063 RegistergerichtRegisternummer AmtsgerichtHRB 4142 WEEE-Reg.-Nr. DE 62971556 Informationspflichten gem\u00e4\u00df \u00a718 Abs. 4 Satz 3 ElektroG:https:\/\/www.bmuv.de\/themen\/wasser-ressourcen-abfall\/kreislaufwirtschaft\/statistiken\/elektro-und-elektronikaltgeraete Inhaltlich [&hellip;]<\/p>\n","protected":false},"author":1,"featured_media":0,"parent":0,"menu_order":0,"comment_status":"closed","ping_status":"closed","template":"","meta":{"saved_in_kubio":true,"footnotes":""},"class_list":["post-896","page","type-page","status-publish","hentry"],"kubio_ai_page_context":{"short_desc":"","purpose":"general"},"_links":{"self":[{"href":"https:\/\/prisma-pvt.com\/en\/wp-json\/wp\/v2\/pages\/896","targetHints":{"allow":["GET"]}}],"collection":[{"href":"https:\/\/prisma-pvt.com\/en\/wp-json\/wp\/v2\/pages"}],"about":[{"href":"https:\/\/prisma-pvt.com\/en\/wp-json\/wp\/v2\/types\/page"}],"author":[{"embeddable":true,"href":"https:\/\/prisma-pvt.com\/en\/wp-json\/wp\/v2\/users\/1"}],"replies":[{"embeddable":true,"href":"https:\/\/prisma-pvt.com\/en\/wp-json\/wp\/v2\/comments?post=896"}],"version-history":[{"count":3,"href":"https:\/\/prisma-pvt.com\/en\/wp-json\/wp\/v2\/pages\/896\/revisions"}],"predecessor-version":[{"id":1940,"href":"https:\/\/prisma-pvt.com\/en\/wp-json\/wp\/v2\/pages\/896\/revisions\/1940"}],"wp:attachment":[{"href":"https:\/\/prisma-pvt.com\/en\/wp-json\/wp\/v2\/media?parent=896"}],"curies":[{"name":"wp","href":"https:\/\/api.w.org\/{rel}","templated":true}]}}